{"id":90,"date":"2019-09-25T20:51:56","date_gmt":"2019-09-25T20:51:56","guid":{"rendered":"http:\/\/mexiconsumidores.org\/?page_id=90"},"modified":"2020-06-07T23:35:37","modified_gmt":"2020-06-07T23:35:37","slug":"objetivos","status":"publish","type":"page","link":"http:\/\/mexiconsumidores.org\/?page_id=90","title":{"rendered":"Objetivos"},"content":{"rendered":"\n<p>Propiciar la participaci\u00f3n de los consumidores en la b\u00fasqueda de una educaci\u00f3n para el consumo responsable que fortalezca una conciencia y participaci\u00f3n m\u00e1s activa y solidaria entre las personas, que conozcan sus derechos y obligaciones, perfilando con ello una ciudadan\u00eda m\u00e1s consciente y activa que permita mejorar su calidad de vida.<\/p>\n\n\n\n<p><strong>As\u00ed, nosotros nos ocupamos por:&nbsp;<\/strong><\/p>\n\n\n\n<p>\u00b7&nbsp;<\/p>\n\n\n\n<p><strong><em>&nbsp; Realizar estudios, investigaciones y encuestas<\/em><\/strong> que nos permitan conocer c\u00f3mo responden los consumidores ante un mercado que est\u00e1 evolucionando constantemente y aprender sobre las modificaciones de h\u00e1bitos y costumbres que tienen.<\/p>\n\n\n\n<p>\u00b7&nbsp; <strong><em>Impartir de manera amplia a trav\u00e9s de talleres, cursos y pl\u00e1ticas, educaci\u00f3n para el consumo<\/em><\/strong> en todos los niveles: familias, escuelas, empresas, sindicatos y gobierno, as\u00ed como promover la cultura de la queja de manera legal y constructiva que incluya no solamente algunos consumidores sino a toda la poblaci\u00f3n.&nbsp;<\/p>\n\n\n\n<p>\u00b7&nbsp;&nbsp; <strong><em>Impulsar el perfeccionamiento de leyes y normas de protecci\u00f3n al consumidor<\/em><\/strong> que fortalezcan sus derechos y que se ejerzan en el marco legal y social a trav\u00e9s del entendimiento con los proveedores para perfeccionar las relaciones del consumo al grado que estas sean comprendidas y respetadas para fortalecer los derechos y obligaciones de proveedores y consumidores sin menoscabo de alguna de las partes.<\/p>\n\n\n\n<p>\u00b7&nbsp; <strong><em>Crecer con grupos y representaciones en todo el pa\u00eds<\/em><\/strong> para formar una red de organizaciones donde se den condiciones favorables para trabajar con instituciones de gobierno, organizaciones sociales y empresas privadas para mejorar los mercados de productos y servicios que requieran los consumidores.&nbsp;<\/p>\n\n\n\n<p>\u00b7&nbsp; <strong><em>Vincularnos con organizaciones internacionales<\/em><\/strong> que coincidan con el inter\u00e9s de educar, orientar y defender a los consumidores para que ejerzan sus derechos y obligaciones en forma plena e informada y tomar experiencias para formar modelos de aprendizaje y ense\u00f1anza propios de las caracter\u00edsticas de nuestro Pa\u00eds, as\u00ed como transmitirlos a otras sociedades.&nbsp;<\/p>\n\n\n\n<p>\u00b7&nbsp;&nbsp; <strong><em>Promover el conocimiento de las caracter\u00edsticas y bondades de los productos<\/em><\/strong> y las mejoras que promueven los fabricantes, as\u00ed como las condiciones en que se fabrican considerando necesidades y responsabilidades sociales.&nbsp;<\/p>\n\n\n\n<p>\u00b7&nbsp; <strong><em>Apoyar pr\u00e1cticas sustentables de consumo<\/em><\/strong> que contribuyan a la preservaci\u00f3n del medio ambiente y el cuidado de recursos de la sociedad.&nbsp;<\/p>\n\n\n\n<p>\u00b7&nbsp; <strong><em>Trabajar con las empresas para formar \u00e1reas de atenci\u00f3n al consumidor<\/em><\/strong> que respondan a principios de suficiencia, oportunidad, con \u00e9tica y honradez para garantizar la satisfacci\u00f3n de los consumidores.&nbsp;<\/p>\n\n\n\n<p>\u00b7\u00a0 <strong><em>Promover entre los consumidores h\u00e1bitos saludables<\/em><\/strong> y reducir la incidencia de enfermedades provocadas por el abuso de la ingesta de alimentos y bebidas y coadyuvar a divulgar pr\u00e1cticas que permitan mejorar las condiciones de vida de los consumidores.\u00a0<\/p>\n\n\n\n<p>\u00b7\u00a0 <strong><em>Fomentar entre los consumidores una actitud cr\u00edtica y participativa<\/em><\/strong> ante los mensajes publicitarios y contenidos en medios de comunicaci\u00f3n masiva, para formar audiencias que tomen decisiones de compra a partir de informarse y comparar y no realicen pr\u00e1cticas consumistas que lesionen su presupuesto.\u00a0 \u00b7\u00a0\u00a0 <strong><em>Promover una distribuci\u00f3n eficiente y eficaz de productos y servicios en todo el Pa\u00eds<\/em><\/strong>, en el que existan opciones de consumo amplias y suficientes para todos. Dando especial lugar al fomento de productos de origen nacional que fortalezcan nuestra econom\u00eda.<\/p>\n","protected":false},"excerpt":{"rendered":"<p>Propiciar la participaci\u00f3n de los consumidores en la b\u00fasqueda de una educaci\u00f3n para el consumo responsable que fortalezca una conciencia y participaci\u00f3n m\u00e1s activa y solidaria entre las personas, que conozcan sus derechos y obligaciones, perfilando con ello una ciudadan\u00eda m\u00e1s consciente y activa que permita mejorar su calidad de vida. As\u00ed, nosotros nos ocupamos [&hellip;]<\/p>\n","protected":false},"author":1,"featured_media":0,"parent":0,"menu_order":0,"comment_status":"closed","ping_status":"closed","template":"","meta":[],"_links":{"self":[{"href":"http:\/\/mexiconsumidores.org\/index.php?rest_route=\/wp\/v2\/pages\/90"}],"collection":[{"href":"http:\/\/mexiconsumidores.org\/index.php?rest_route=\/wp\/v2\/pages"}],"about":[{"href":"http:\/\/mexiconsumidores.org\/index.php?rest_route=\/wp\/v2\/types\/page"}],"author":[{"embeddable":true,"href":"http:\/\/mexiconsumidores.org\/index.php?rest_route=\/wp\/v2\/users\/1"}],"replies":[{"embeddable":true,"href":"http:\/\/mexiconsumidores.org\/index.php?rest_route=%2Fwp%2Fv2%2Fcomments&post=90"}],"version-history":[{"count":4,"href":"http:\/\/mexiconsumidores.org\/index.php?rest_route=\/wp\/v2\/pages\/90\/revisions"}],"predecessor-version":[{"id":265,"href":"http:\/\/mexiconsumidores.org\/index.php?rest_route=\/wp\/v2\/pages\/90\/revisions\/265"}],"wp:attachment":[{"href":"http:\/\/mexiconsumidores.org\/index.php?rest_route=%2Fwp%2Fv2%2Fmedia&parent=90"}],"curies":[{"name":"wp","href":"https:\/\/api.w.org\/{rel}","templated":true}]}}