{"id":169,"date":"2020-06-03T22:03:22","date_gmt":"2020-06-03T22:03:22","guid":{"rendered":"http:\/\/mexiconsumidores.org\/?page_id=169"},"modified":"2022-02-17T00:51:26","modified_gmt":"2022-02-17T00:51:26","slug":"contacto","status":"publish","type":"page","link":"http:\/\/mexiconsumidores.org\/","title":{"rendered":"Inicio"},"content":{"rendered":"\n<p>La aparici\u00f3n y proliferaci\u00f3n del virus Covid 19 cambi\u00f3 los estilos de vida en todo el planeta, el consumo de bienes y servicios se convierte en tema de estudio para el presente y el futuro de las personas en todo el mundo. <\/p>\n\n\n\n<p>El consumo responsable pasa a ser determinante para mantenernos como una especie que recobre su dimensi\u00f3n en la tierra.<\/p>\n\n\n\n<p>Estamos en la transici\u00f3n de una econom\u00eda lineal, finita, a una econom\u00eda circular, responsable, que permita darle permanencia a la humanidad modificando sus estilos de vida y responsabilidad para el cuidado del planeta. <\/p>\n","protected":false},"excerpt":{"rendered":"<p>La aparici\u00f3n y proliferaci\u00f3n del virus Covid 19 cambi\u00f3 los estilos de vida en todo el planeta, el consumo de bienes y servicios se convierte en tema de estudio para el presente y el futuro de las personas en todo el mundo. El consumo responsable pasa a ser determinante para mantenernos como una especie que [&hellip;]<\/p>\n","protected":false},"author":1,"featured_media":208,"parent":0,"menu_order":0,"comment_status":"closed","ping_status":"closed","template":"","meta":[],"_links":{"self":[{"href":"http:\/\/mexiconsumidores.org\/index.php?rest_route=\/wp\/v2\/pages\/169"}],"collection":[{"href":"http:\/\/mexiconsumidores.org\/index.php?rest_route=\/wp\/v2\/pages"}],"about":[{"href":"http:\/\/mexiconsumidores.org\/index.php?rest_route=\/wp\/v2\/types\/page"}],"author":[{"embeddable":true,"href":"http:\/\/mexiconsumidores.org\/index.php?rest_route=\/wp\/v2\/users\/1"}],"replies":[{"embeddable":true,"href":"http:\/\/mexiconsumidores.org\/index.php?rest_route=%2Fwp%2Fv2%2Fcomments&post=169"}],"version-history":[{"count":5,"href":"http:\/\/mexiconsumidores.org\/index.php?rest_route=\/wp\/v2\/pages\/169\/revisions"}],"predecessor-version":[{"id":298,"href":"http:\/\/mexiconsumidores.org\/index.php?rest_route=\/wp\/v2\/pages\/169\/revisions\/298"}],"wp:featuredmedia":[{"embeddable":true,"href":"http:\/\/mexiconsumidores.org\/index.php?rest_route=\/wp\/v2\/media\/208"}],"wp:attachment":[{"href":"http:\/\/mexiconsumidores.org\/index.php?rest_route=%2Fwp%2Fv2%2Fmedia&parent=169"}],"curies":[{"name":"wp","href":"https:\/\/api.w.org\/{rel}","templated":true}]}}