{"id":152,"date":"2020-06-03T17:14:40","date_gmt":"2020-06-03T17:14:40","guid":{"rendered":"http:\/\/mexiconsumidores.org\/?page_id=152"},"modified":"2020-06-07T22:43:10","modified_gmt":"2020-06-07T22:43:10","slug":"inicio","status":"publish","type":"page","link":"http:\/\/mexiconsumidores.org\/?page_id=152","title":{"rendered":"Responsabilidad social"},"content":{"rendered":"\n<p><strong>\u00bfQu\u00e9 entender por responsabilidad social?<\/strong><\/p>\n\n\n\n<p>En la actualidad se vuelve cada vez m\u00e1s com\u00fan escuchar que una empresa es <em><strong>\u201csocialmente responsable\u201d<\/strong><\/em>, y&nbsp; utiliza el t\u00e9rmino para hacerle saber a sus consumidores su nuevo estatus\u2026<\/p>\n\n\n\n<p>\u2026Usted, \u00bfalguna vez se ha preguntado por qu\u00e9 una empresa es considerada socialmente responsable?<\/p>\n\n\n\n<p>\u201cUna Empresa Socialmente Responsable es aquella que asume como parte de su prop\u00f3sito su ciudadan\u00eda; fundamentando su visi\u00f3n y compromiso social en pol\u00edticas, programas, toma de decisiones y acciones que beneficien a su negocio e impacten positivamente a las comunidades en las que operan.\u201d<\/p>\n\n\n\n<p>Es decir una <em><strong>Empresa Socialmente Responsable<\/strong><\/em> es aquella que se reconoce como integrante de una comunidad, y como todo ciudadano, lleva a cabo actividades y toma decisiones de manera voluntaria, respetando los valores universales.<\/p>\n\n\n\n<p>Las acciones de las empresas que deciden adquirir el compromiso de la responsabilidad social, deben mostrar congruencia en sus acciones internas y externas y considerar a todos los involucrados mostrando respeto por los valores \u00e9ticos, por la gente, las comunidades, el medio ambiente y por la construcci\u00f3n del bien com\u00fan, no s\u00f3lo de utilizar un distintivo como insumo de marketig.<\/p>\n\n\n\n<p>Se debe aclarar que cuando una empresa se inclina por la responsabilidad social no significa que se convierte en una empresa filantr\u00f3pica o desprendida, ni que debe llevar a cabo actividades diferentes a sus prop\u00f3sitos. M\u00e1s bien significa una mejor rendici\u00f3n de cuentas y mayor transparencia y un compromiso por \u201cmantener el balance entre el desarrollo social, un entorno sustentable y la viabilidad comercial y econ\u00f3mica de la empresa misma\u201d.<\/p>\n\n\n\n<p>Contar con empresas que cubran todos los aspectos ser\u00eda maravilloso, pero no es f\u00e1cil, por eso se realiza un an\u00e1lisis para establecer las acciones espec\u00edficas que cada empresa &nbsp;puede llevar a cabo de acuerdo a su contexto: \u201cdesde el respeto pero no ingerencia, la tolerancia o aceptaci\u00f3n, llegando hasta la promoci\u00f3n, contribuci\u00f3n o actuaci\u00f3n plena, tomando a su cargo y costo la realizaci\u00f3n completa de proyectos\u201d.<\/p>\n\n\n\n<p>As\u00ed que cuando se encuentre con el distintivo de una \u201cEmpresa Socialmente Responsable\u201d no se deslumbre, si puede investigue por qu\u00e9 dicha empresa lo consigui\u00f3, ya que algunas han tratado de conseguirlo s\u00f3lo por estrategia mercadol\u00f3gica y no por un verdadero deseo de colaboraci\u00f3n.<\/p>\n\n\n\n<p>Aunque, tampoco se debe dejar de reconocer el esfuerzo las empresas que realmente est\u00e1n siendo m\u00e1s consientes, si a esto le sumamos los consumidores que tambi\u00e9n est\u00e1n asumiendo su papel de ciudadanos realizando entre otras cosas un consumo responsable y solidario, ser\u00e1n m\u00e1s f\u00e1ciles de alcanzar los objetivos y mejorar la calidad de vida de m\u00e1s personas.<\/p>\n\n\n\n<p>Ahora, las empresas necesitan trabajar m\u00e1s en procesos sustentables de operaci\u00f3n e inculcar entre sus trabajadores, familiares y vecinos de los centros de trabajo, pr\u00e1cticas responsables de consumo que muestren inter\u00e9s leg\u00edtimo en la sociedad y el medio ambiente. Para ello, ya existe la ISO26000, que es precisamente, punto de partida para que las empresas sean genuinos agentes de responsabilidad social.<strong>En el IMEC,AC trabajamos todos los d\u00edas en el desarrollo de talleres, pl\u00e1ticas y cursos que permitan involucrar a la comunidad empresarial en nuevas formas de promover el consumo responsable entre trabajadores y consumidores, si quiere m\u00e1s informaci\u00f3n <\/strong><a href=\"http:\/\/mexiconsumidores.org\/index.php?option=com_content&amp;view=article&amp;id=22\">Preg\u00fantenos c\u00f3mo\u2026<\/a><\/p>\n","protected":false},"excerpt":{"rendered":"<p>\u00bfQu\u00e9 entender por responsabilidad social? En la actualidad se vuelve cada vez m\u00e1s com\u00fan escuchar que una empresa es \u201csocialmente responsable\u201d, y&nbsp; utiliza el t\u00e9rmino para hacerle saber a sus consumidores su nuevo estatus\u2026 \u2026Usted, \u00bfalguna vez se ha preguntado por qu\u00e9 una empresa es considerada socialmente responsable? \u201cUna Empresa Socialmente Responsable es aquella que [&hellip;]<\/p>\n","protected":false},"author":1,"featured_media":0,"parent":0,"menu_order":0,"comment_status":"closed","ping_status":"closed","template":"","meta":[],"_links":{"self":[{"href":"http:\/\/mexiconsumidores.org\/index.php?rest_route=\/wp\/v2\/pages\/152"}],"collection":[{"href":"http:\/\/mexiconsumidores.org\/index.php?rest_route=\/wp\/v2\/pages"}],"about":[{"href":"http:\/\/mexiconsumidores.org\/index.php?rest_route=\/wp\/v2\/types\/page"}],"author":[{"embeddable":true,"href":"http:\/\/mexiconsumidores.org\/index.php?rest_route=\/wp\/v2\/users\/1"}],"replies":[{"embeddable":true,"href":"http:\/\/mexiconsumidores.org\/index.php?rest_route=%2Fwp%2Fv2%2Fcomments&post=152"}],"version-history":[{"count":2,"href":"http:\/\/mexiconsumidores.org\/index.php?rest_route=\/wp\/v2\/pages\/152\/revisions"}],"predecessor-version":[{"id":246,"href":"http:\/\/mexiconsumidores.org\/index.php?rest_route=\/wp\/v2\/pages\/152\/revisions\/246"}],"wp:attachment":[{"href":"http:\/\/mexiconsumidores.org\/index.php?rest_route=%2Fwp%2Fv2%2Fmedia&parent=152"}],"curies":[{"name":"wp","href":"https:\/\/api.w.org\/{rel}","templated":true}]}}