{"id":103,"date":"2019-09-26T23:39:44","date_gmt":"2019-09-26T23:39:44","guid":{"rendered":"http:\/\/mexiconsumidores.org\/?page_id=103"},"modified":"2020-06-07T22:25:00","modified_gmt":"2020-06-07T22:25:00","slug":"vision","status":"publish","type":"page","link":"http:\/\/mexiconsumidores.org\/?page_id=103","title":{"rendered":"Visi\u00f3n"},"content":{"rendered":"\n<p>Lograr que nuestra organizaci\u00f3n a\ntrav\u00e9s de la educaci\u00f3n para el consumo, sea un agente de cambio en la vida\ncotidiana de consumidores y proveedores, a fin de mejorar la calidad de vida de\nla poblaci\u00f3n por medio de relaciones m\u00e1s arm\u00f3nicas entre esos dos factores del\nconsumo, lo cual redundar\u00e1 en un desarrollo m\u00e1s sano de toda la sociedad.<\/p>\n","protected":false},"excerpt":{"rendered":"<p>Lograr que nuestra organizaci\u00f3n a trav\u00e9s de la educaci\u00f3n para el consumo, sea un agente de cambio en la vida cotidiana de consumidores y proveedores, a fin de mejorar la calidad de vida de la poblaci\u00f3n por medio de relaciones m\u00e1s arm\u00f3nicas entre esos dos factores del consumo, lo cual redundar\u00e1 en un desarrollo m\u00e1s [&hellip;]<\/p>\n","protected":false},"author":1,"featured_media":0,"parent":0,"menu_order":0,"comment_status":"closed","ping_status":"closed","template":"","meta":[],"_links":{"self":[{"href":"http:\/\/mexiconsumidores.org\/index.php?rest_route=\/wp\/v2\/pages\/103"}],"collection":[{"href":"http:\/\/mexiconsumidores.org\/index.php?rest_route=\/wp\/v2\/pages"}],"about":[{"href":"http:\/\/mexiconsumidores.org\/index.php?rest_route=\/wp\/v2\/types\/page"}],"author":[{"embeddable":true,"href":"http:\/\/mexiconsumidores.org\/index.php?rest_route=\/wp\/v2\/users\/1"}],"replies":[{"embeddable":true,"href":"http:\/\/mexiconsumidores.org\/index.php?rest_route=%2Fwp%2Fv2%2Fcomments&post=103"}],"version-history":[{"count":3,"href":"http:\/\/mexiconsumidores.org\/index.php?rest_route=\/wp\/v2\/pages\/103\/revisions"}],"predecessor-version":[{"id":239,"href":"http:\/\/mexiconsumidores.org\/index.php?rest_route=\/wp\/v2\/pages\/103\/revisions\/239"}],"wp:attachment":[{"href":"http:\/\/mexiconsumidores.org\/index.php?rest_route=%2Fwp%2Fv2%2Fmedia&parent=103"}],"curies":[{"name":"wp","href":"https:\/\/api.w.org\/{rel}","templated":true}]}}